{"id":12541,"date":"2026-04-14T21:47:19","date_gmt":"2026-04-15T00:47:19","guid":{"rendered":"https:\/\/cvrepuestos.com\/shop\/product\/junta-chapa-multiple-esc-swift\/"},"modified":"2026-04-14T21:47:19","modified_gmt":"2026-04-15T00:47:19","slug":"junta-chapa-multiple-esc-swift","status":"publish","type":"product","link":"https:\/\/cvrepuestos.com\/shop\/producto\/junta-chapa-multiple-esc-swift\/","title":{"rendered":"JUNTA DE M\u00daLTIPLE DE ADMISI\u00d3N -CHAPA- PARA SUZUKI (SWIFT) A\u00d1OS DE 1989 A 1994 &#8211; MOTOR G13K 16V"},"content":{"rendered":"<p><strong>910417<\/strong><\/p>\n<p>JUNTA DE M\u00daLTIPLE DE ADMISI\u00d3N -CHAPA- PARA SUZUKI (SWIFT) A\u00d1OS DE 1989 A 1994 &#8211; MOTOR G13K 16V<\/p>\n","protected":false},"excerpt":{"rendered":"<p>910417 JUNTA DE M\u00daLTIPLE DE ADMISI\u00d3N -CHAPA- PARA SUZUKI (SWIFT) A\u00d1OS DE 1989 A 1994 &#8211; MOTOR G13K 16V<\/p>\n","protected":false},"featured_media":49505,"template":"","meta":[],"product_cat":[140,1471,232,3153],"product_tag":[],"tipo-de-vehiculo":[],"class_list":{"0":"post-12541","1":"product","2":"type-product","3":"status-publish","4":"has-post-thumbnail","6":"product_cat-140","7":"product_cat-juntas-de-multiples","8":"product_cat-motor","9":"product_cat-suzuki","10":"brand_year_model-suzuki","11":"badges-style-2","13":"first","14":"instock","15":"purchasable","16":"product-type-simple"},"_links":{"self":[{"href":"https:\/\/cvrepuestos.com\/shop\/wp-json\/wp\/v2\/product\/12541","targetHints":{"allow":["GET"]}}],"collection":[{"href":"https:\/\/cvrepuestos.com\/shop\/wp-json\/wp\/v2\/product"}],"about":[{"href":"https:\/\/cvrepuestos.com\/shop\/wp-json\/wp\/v2\/types\/product"}],"wp:featuredmedia":[{"embeddable":true,"href":"https:\/\/cvrepuestos.com\/shop\/wp-json\/wp\/v2\/media\/49505"}],"wp:attachment":[{"href":"https:\/\/cvrepuestos.com\/shop\/wp-json\/wp\/v2\/media?parent=12541"}],"wp:term":[{"taxonomy":"product_cat","embeddable":true,"href":"https:\/\/cvrepuestos.com\/shop\/wp-json\/wp\/v2\/product_cat?post=12541"},{"taxonomy":"product_tag","embeddable":true,"href":"https:\/\/cvrepuestos.com\/shop\/wp-json\/wp\/v2\/product_tag?post=12541"},{"taxonomy":"tipo-de-vehiculo","embeddable":true,"href":"https:\/\/cvrepuestos.com\/shop\/wp-json\/wp\/v2\/tipo-de-vehiculo?post=12541"}],"curies":[{"name":"wp","href":"https:\/\/api.w.org\/{rel}","templated":true}]}}