{"id":12632,"date":"2026-04-14T21:48:57","date_gmt":"2026-04-15T00:48:57","guid":{"rendered":"https:\/\/cvrepuestos.com\/shop\/product\/jta-mult-adm-sierra-1-6\/"},"modified":"2026-04-14T21:48:57","modified_gmt":"2026-04-15T00:48:57","slug":"jta-mult-adm-sierra-1-6","status":"publish","type":"product","link":"https:\/\/cvrepuestos.com\/shop\/producto\/jta-mult-adm-sierra-1-6\/","title":{"rendered":"JUNTA DE M\u00daLTIPLE DE ADMISI\u00d3N FORD SIERRA 1.6 &#8211; A\u00d1OS DE 1984 A 1992"},"content":{"rendered":"<p><strong>300617<\/strong><\/p>\n<p>JUNTA DE M\u00daLTIPLE DE ADMISI\u00d3N FORD SIERRA 1.6 &#8211; A\u00d1OS DE 1984 A 1992<\/p>\n","protected":false},"excerpt":{"rendered":"<p>300617 JUNTA DE M\u00daLTIPLE DE ADMISI\u00d3N FORD SIERRA 1.6 &#8211; A\u00d1OS DE 1984 A 1992<\/p>\n","protected":false},"featured_media":48115,"template":"","meta":[],"product_cat":[126,140,1471,232],"product_tag":[],"tipo-de-vehiculo":[],"class_list":{"0":"post-12632","1":"product","2":"type-product","3":"status-publish","4":"has-post-thumbnail","6":"product_cat-126","7":"product_cat-140","8":"product_cat-juntas-de-multiples","9":"product_cat-motor","10":"brand_year_model-ford","11":"badges-style-2","13":"first","14":"instock","15":"purchasable","16":"product-type-simple"},"_links":{"self":[{"href":"https:\/\/cvrepuestos.com\/shop\/wp-json\/wp\/v2\/product\/12632","targetHints":{"allow":["GET"]}}],"collection":[{"href":"https:\/\/cvrepuestos.com\/shop\/wp-json\/wp\/v2\/product"}],"about":[{"href":"https:\/\/cvrepuestos.com\/shop\/wp-json\/wp\/v2\/types\/product"}],"wp:featuredmedia":[{"embeddable":true,"href":"https:\/\/cvrepuestos.com\/shop\/wp-json\/wp\/v2\/media\/48115"}],"wp:attachment":[{"href":"https:\/\/cvrepuestos.com\/shop\/wp-json\/wp\/v2\/media?parent=12632"}],"wp:term":[{"taxonomy":"product_cat","embeddable":true,"href":"https:\/\/cvrepuestos.com\/shop\/wp-json\/wp\/v2\/product_cat?post=12632"},{"taxonomy":"product_tag","embeddable":true,"href":"https:\/\/cvrepuestos.com\/shop\/wp-json\/wp\/v2\/product_tag?post=12632"},{"taxonomy":"tipo-de-vehiculo","embeddable":true,"href":"https:\/\/cvrepuestos.com\/shop\/wp-json\/wp\/v2\/tipo-de-vehiculo?post=12632"}],"curies":[{"name":"wp","href":"https:\/\/api.w.org\/{rel}","templated":true}]}}