{"id":12784,"date":"2026-04-14T21:52:05","date_gmt":"2026-04-15T00:52:05","guid":{"rendered":"https:\/\/cvrepuestos.com\/shop\/product\/maza-rueda-trasera-d-200\/"},"modified":"2026-04-14T21:52:05","modified_gmt":"2026-04-15T00:52:05","slug":"maza-rueda-trasera-d-200","status":"publish","type":"product","link":"https:\/\/cvrepuestos.com\/shop\/producto\/maza-rueda-trasera-d-200\/","title":{"rendered":"MAZA DE RUEDA TRASERA DODGE D-200"},"content":{"rendered":"<p><strong>2849815<\/strong><\/p>\n<p>MAZA RUEDA TRASERA D-200<\/p>\n<p>Con chavetero<\/p>\n<p>5 agujeros<\/p>\n<p>Di\u00e1metro interior c\u00f3nico 32 a 37mm<\/p>\n<p>Di\u00e1metro exterior 155mm<\/p>\n<p>&nbsp;<\/p>\n","protected":false},"excerpt":{"rendered":"<p>2849815 MAZA RUEDA TRASERA D-200 Con chavetero 5 agujeros Di\u00e1metro interior c\u00f3nico 32 a 37mm Di\u00e1metro exterior 155mm &nbsp;<\/p>\n","protected":false},"featured_media":19673,"template":"","meta":[],"product_cat":[399,228,122],"product_tag":[],"tipo-de-vehiculo":[],"class_list":{"0":"post-12784","1":"product","2":"type-product","3":"status-publish","4":"has-post-thumbnail","6":"product_cat-mazas-de-rueda","7":"product_cat-suspension","8":"product_cat-122","9":"brand_year_model-dodge","10":"brand_year_model-volkswagen-y-dodge","11":"badges-style-2","13":"first","14":"instock","15":"purchasable","16":"product-type-simple"},"_links":{"self":[{"href":"https:\/\/cvrepuestos.com\/shop\/wp-json\/wp\/v2\/product\/12784","targetHints":{"allow":["GET"]}}],"collection":[{"href":"https:\/\/cvrepuestos.com\/shop\/wp-json\/wp\/v2\/product"}],"about":[{"href":"https:\/\/cvrepuestos.com\/shop\/wp-json\/wp\/v2\/types\/product"}],"wp:featuredmedia":[{"embeddable":true,"href":"https:\/\/cvrepuestos.com\/shop\/wp-json\/wp\/v2\/media\/19673"}],"wp:attachment":[{"href":"https:\/\/cvrepuestos.com\/shop\/wp-json\/wp\/v2\/media?parent=12784"}],"wp:term":[{"taxonomy":"product_cat","embeddable":true,"href":"https:\/\/cvrepuestos.com\/shop\/wp-json\/wp\/v2\/product_cat?post=12784"},{"taxonomy":"product_tag","embeddable":true,"href":"https:\/\/cvrepuestos.com\/shop\/wp-json\/wp\/v2\/product_tag?post=12784"},{"taxonomy":"tipo-de-vehiculo","embeddable":true,"href":"https:\/\/cvrepuestos.com\/shop\/wp-json\/wp\/v2\/tipo-de-vehiculo?post=12784"}],"curies":[{"name":"wp","href":"https:\/\/api.w.org\/{rel}","templated":true}]}}