{"id":31743,"date":"2026-04-14T23:51:05","date_gmt":"2026-04-15T02:51:05","guid":{"rendered":"https:\/\/cvrepuestos.com\/shop\/product\/jta-entre-multiples-cht\/"},"modified":"2026-04-24T16:11:24","modified_gmt":"2026-04-24T19:11:24","slug":"jta-entre-multiples-cht","status":"publish","type":"product","link":"https:\/\/cvrepuestos.com\/shop\/producto\/jta-entre-multiples-cht\/","title":{"rendered":"JUNTA DE M\u00daLTIPLE DE ADMISI\u00d3N PARA FORD (ESCORT 1.6) \/ VOLKSWAGEN (SAVEIRO \/ SENDA \/ GOL) &#8211; MOTOR RENAULT CHT"},"content":{"rendered":"<p><strong>300717<\/strong><\/p>\n<p>JUNTA DE M\u00daLTIPLE DE ADMISI\u00d3N MOTOR CHT FORD (ESCORT 1.6) A\u00d1OS DE 1988 A 1996 \/ VOLKSWAGEN<\/p>\n","protected":false},"excerpt":{"rendered":"<p>300717 JUNTA DE M\u00daLTIPLE DE ADMISI\u00d3N MOTOR CHT FORD (ESCORT 1.6) A\u00d1OS DE 1988 A 1996 \/ VOLKSWAGEN<\/p>\n","protected":false},"featured_media":48130,"template":"","meta":[],"product_cat":[126,140,1471,232,122],"product_tag":[],"tipo-de-vehiculo":[],"class_list":{"0":"post-31743","1":"product","2":"type-product","3":"status-publish","4":"has-post-thumbnail","6":"product_cat-126","7":"product_cat-140","8":"product_cat-juntas-de-multiples","9":"product_cat-motor","10":"product_cat-122","11":"brand_year_model-ford","12":"brand_year_model-renault","13":"brand_year_model-volkswagen-y-dodge","14":"badges-style-2","16":"first","17":"instock","18":"purchasable","19":"product-type-simple"},"_links":{"self":[{"href":"https:\/\/cvrepuestos.com\/shop\/wp-json\/wp\/v2\/product\/31743","targetHints":{"allow":["GET"]}}],"collection":[{"href":"https:\/\/cvrepuestos.com\/shop\/wp-json\/wp\/v2\/product"}],"about":[{"href":"https:\/\/cvrepuestos.com\/shop\/wp-json\/wp\/v2\/types\/product"}],"wp:featuredmedia":[{"embeddable":true,"href":"https:\/\/cvrepuestos.com\/shop\/wp-json\/wp\/v2\/media\/48130"}],"wp:attachment":[{"href":"https:\/\/cvrepuestos.com\/shop\/wp-json\/wp\/v2\/media?parent=31743"}],"wp:term":[{"taxonomy":"product_cat","embeddable":true,"href":"https:\/\/cvrepuestos.com\/shop\/wp-json\/wp\/v2\/product_cat?post=31743"},{"taxonomy":"product_tag","embeddable":true,"href":"https:\/\/cvrepuestos.com\/shop\/wp-json\/wp\/v2\/product_tag?post=31743"},{"taxonomy":"tipo-de-vehiculo","embeddable":true,"href":"https:\/\/cvrepuestos.com\/shop\/wp-json\/wp\/v2\/tipo-de-vehiculo?post=31743"}],"curies":[{"name":"wp","href":"https:\/\/api.w.org\/{rel}","templated":true}]}}