{"id":33255,"date":"2026-04-14T20:56:56","date_gmt":"2026-04-14T23:56:56","guid":{"rendered":"https:\/\/cvrepuestos.com\/shop\/product\/juntas-ranger-2-5-nafta-l-4\/"},"modified":"2026-04-14T20:56:56","modified_gmt":"2026-04-14T23:56:56","slug":"juntas-ranger-2-5-nafta-l-4","status":"publish","type":"product","link":"https:\/\/cvrepuestos.com\/shop\/producto\/juntas-ranger-2-5-nafta-l-4\/","title":{"rendered":"JUNTA DE M\u00daLTIPLE DE ADMISI\u00d3N FORD RANGER 2.5 MPI &#8211; A\u00d1OS DE 1995 A 2001 &#8211; NAFTA"},"content":{"rendered":"<p><strong>340617<\/strong><\/p>\n<p>JUNTA DE M\u00daLTIPLE DE ADMISI\u00d3N FORD RANGER 2.5 MPI &#8211; A\u00d1OS DE 1995 A 2001 &#8211; NAFTA<\/p>\n","protected":false},"excerpt":{"rendered":"<p>340617 JUNTA DE M\u00daLTIPLE DE ADMISI\u00d3N FORD RANGER 2.5 MPI &#8211; A\u00d1OS DE 1995 A 2001 &#8211; NAFTA<\/p>\n","protected":false},"featured_media":48300,"template":"","meta":[],"product_cat":[126,140,1471,232],"product_tag":[],"tipo-de-vehiculo":[],"class_list":{"0":"post-33255","1":"product","2":"type-product","3":"status-publish","4":"has-post-thumbnail","6":"product_cat-126","7":"product_cat-140","8":"product_cat-juntas-de-multiples","9":"product_cat-motor","10":"badges-style-2","12":"first","13":"instock","14":"purchasable","15":"product-type-simple"},"_links":{"self":[{"href":"https:\/\/cvrepuestos.com\/shop\/wp-json\/wp\/v2\/product\/33255","targetHints":{"allow":["GET"]}}],"collection":[{"href":"https:\/\/cvrepuestos.com\/shop\/wp-json\/wp\/v2\/product"}],"about":[{"href":"https:\/\/cvrepuestos.com\/shop\/wp-json\/wp\/v2\/types\/product"}],"wp:featuredmedia":[{"embeddable":true,"href":"https:\/\/cvrepuestos.com\/shop\/wp-json\/wp\/v2\/media\/48300"}],"wp:attachment":[{"href":"https:\/\/cvrepuestos.com\/shop\/wp-json\/wp\/v2\/media?parent=33255"}],"wp:term":[{"taxonomy":"product_cat","embeddable":true,"href":"https:\/\/cvrepuestos.com\/shop\/wp-json\/wp\/v2\/product_cat?post=33255"},{"taxonomy":"product_tag","embeddable":true,"href":"https:\/\/cvrepuestos.com\/shop\/wp-json\/wp\/v2\/product_tag?post=33255"},{"taxonomy":"tipo-de-vehiculo","embeddable":true,"href":"https:\/\/cvrepuestos.com\/shop\/wp-json\/wp\/v2\/tipo-de-vehiculo?post=33255"}],"curies":[{"name":"wp","href":"https:\/\/api.w.org\/{rel}","templated":true}]}}