{"id":42676,"date":"2026-04-14T20:09:13","date_gmt":"2026-04-14T23:09:13","guid":{"rendered":"https:\/\/cvrepuestos.com\/shop\/producto\/junta-27\/"},"modified":"2026-04-14T20:09:13","modified_gmt":"2026-04-14T23:09:13","slug":"junta-27","status":"publish","type":"product","link":"https:\/\/cvrepuestos.com\/shop\/producto\/junta-27\/","title":{"rendered":"JUNTA DE ADMISI\u00d3N PARA FIAT 147, DUNA, UNO, FIORINO, SPAZIO \u2013 MOTOR 1.3 DIESEL, 1.0 , 1.1"},"content":{"rendered":"<p><strong>260035<\/strong><\/p>\n<p>JUNTA DE M\u00daLTIPLE DE ADMISI\u00d3N FIAT 147 1.3 DIESEL (FIORINO, DUNA, UNO, SPAZIO) A\u00d1OS DE 1988 A 2001<\/p>\n","protected":false},"excerpt":{"rendered":"<p>260035 JUNTA DE M\u00daLTIPLE DE ADMISI\u00d3N FIAT 147 1.3 DIESEL (FIORINO, DUNA, UNO, SPAZIO) A\u00d1OS DE 1988 A 2001<\/p>\n","protected":false},"featured_media":47748,"template":"","meta":[],"product_cat":[131,140,1471,232],"product_tag":[],"tipo-de-vehiculo":[],"class_list":{"0":"post-42676","1":"product","2":"type-product","3":"status-publish","4":"has-post-thumbnail","6":"product_cat-131","7":"product_cat-140","8":"product_cat-juntas-de-multiples","9":"product_cat-motor","10":"brand_year_model-fiat","11":"badges-style-2","13":"first","14":"instock","15":"purchasable","16":"product-type-simple"},"_links":{"self":[{"href":"https:\/\/cvrepuestos.com\/shop\/wp-json\/wp\/v2\/product\/42676","targetHints":{"allow":["GET"]}}],"collection":[{"href":"https:\/\/cvrepuestos.com\/shop\/wp-json\/wp\/v2\/product"}],"about":[{"href":"https:\/\/cvrepuestos.com\/shop\/wp-json\/wp\/v2\/types\/product"}],"wp:featuredmedia":[{"embeddable":true,"href":"https:\/\/cvrepuestos.com\/shop\/wp-json\/wp\/v2\/media\/47748"}],"wp:attachment":[{"href":"https:\/\/cvrepuestos.com\/shop\/wp-json\/wp\/v2\/media?parent=42676"}],"wp:term":[{"taxonomy":"product_cat","embeddable":true,"href":"https:\/\/cvrepuestos.com\/shop\/wp-json\/wp\/v2\/product_cat?post=42676"},{"taxonomy":"product_tag","embeddable":true,"href":"https:\/\/cvrepuestos.com\/shop\/wp-json\/wp\/v2\/product_tag?post=42676"},{"taxonomy":"tipo-de-vehiculo","embeddable":true,"href":"https:\/\/cvrepuestos.com\/shop\/wp-json\/wp\/v2\/tipo-de-vehiculo?post=42676"}],"curies":[{"name":"wp","href":"https:\/\/api.w.org\/{rel}","templated":true}]}}