{"id":4561,"date":"2026-04-14T18:09:58","date_gmt":"2026-04-14T21:09:58","guid":{"rendered":"https:\/\/cvrepuestos.com\/shop\/product\/polea-cig-403-con-rosca\/"},"modified":"2026-04-14T18:09:58","modified_gmt":"2026-04-14T21:09:58","slug":"polea-cig-403-con-rosca","status":"publish","type":"product","link":"https:\/\/cvrepuestos.com\/shop\/producto\/polea-cig-403-con-rosca\/","title":{"rendered":"POLEA DE CIGUE\u00d1AL PARA PEUGEOT 403 \/ 404 \/ T4B &#8230;\/67 CON ROSCA"},"content":{"rendered":"<p><strong>0515-130<\/strong><\/p>\n<p>POLEA DE CIGUE\u00d1AL DE 1 VIA TRAPEZOIDAL<\/p>\n<p>\u00d8 INTERIOR: 30 MM.,<\/p>\n<p>\u00d8 EXTERIOR: 115 MM.<\/p>\n<p>CON ROSCA PARA PEUGEOT 404 62\/67 Y T4B &#8230;\/67<\/p>\n","protected":false},"excerpt":{"rendered":"<p>0515-130 POLEA DE CIGUE\u00d1AL DE 1 VIA TRAPEZOIDAL \u00d8 INTERIOR: 30 MM., \u00d8 EXTERIOR: 115 MM. CON ROSCA PARA PEUGEOT 404 62\/67 Y T4B &#8230;\/67<\/p>\n","protected":false},"featured_media":18647,"template":"","meta":[],"product_cat":[117,396],"product_tag":[],"tipo-de-vehiculo":[],"class_list":{"0":"post-4561","1":"product","2":"type-product","3":"status-publish","4":"has-post-thumbnail","6":"product_cat-117","7":"product_cat-poleas-de-ciguenal","8":"brand_year_model-peugeot","9":"badges-style-2","11":"first","12":"instock","13":"purchasable","14":"product-type-simple"},"_links":{"self":[{"href":"https:\/\/cvrepuestos.com\/shop\/wp-json\/wp\/v2\/product\/4561","targetHints":{"allow":["GET"]}}],"collection":[{"href":"https:\/\/cvrepuestos.com\/shop\/wp-json\/wp\/v2\/product"}],"about":[{"href":"https:\/\/cvrepuestos.com\/shop\/wp-json\/wp\/v2\/types\/product"}],"wp:featuredmedia":[{"embeddable":true,"href":"https:\/\/cvrepuestos.com\/shop\/wp-json\/wp\/v2\/media\/18647"}],"wp:attachment":[{"href":"https:\/\/cvrepuestos.com\/shop\/wp-json\/wp\/v2\/media?parent=4561"}],"wp:term":[{"taxonomy":"product_cat","embeddable":true,"href":"https:\/\/cvrepuestos.com\/shop\/wp-json\/wp\/v2\/product_cat?post=4561"},{"taxonomy":"product_tag","embeddable":true,"href":"https:\/\/cvrepuestos.com\/shop\/wp-json\/wp\/v2\/product_tag?post=4561"},{"taxonomy":"tipo-de-vehiculo","embeddable":true,"href":"https:\/\/cvrepuestos.com\/shop\/wp-json\/wp\/v2\/tipo-de-vehiculo?post=4561"}],"curies":[{"name":"wp","href":"https:\/\/api.w.org\/{rel}","templated":true}]}}