{"id":4564,"date":"2026-04-14T18:10:02","date_gmt":"2026-04-14T21:10:02","guid":{"rendered":"https:\/\/cvrepuestos.com\/shop\/product\/polea-ciguenal-504-505-2000\/"},"modified":"2026-04-14T18:10:02","modified_gmt":"2026-04-14T21:10:02","slug":"polea-ciguenal-504-505-2000","status":"publish","type":"product","link":"https:\/\/cvrepuestos.com\/shop\/producto\/polea-ciguenal-504-505-2000\/","title":{"rendered":"POLEA DE CIGUE\u00d1AL PEUGEOT 504 \/ 505 2000"},"content":{"rendered":"<p><strong>0515-461<\/strong><\/p>\n<p>POLEA CIGUENAL 504-505 2000<\/p>\n<p>POLEA DE CIGUE\u00d1AL DE 1 VIA TRAPEZOIDAL<\/p>\n<p>\u00d8 INTERIOR: 30 MM.<\/p>\n<p>\u00d8 EXTERIOR: 130 MM.<\/p>\n<p>&nbsp;<\/p>\n","protected":false},"excerpt":{"rendered":"<p>0515-461 POLEA CIGUENAL 504-505 2000 POLEA DE CIGUE\u00d1AL DE 1 VIA TRAPEZOIDAL \u00d8 INTERIOR: 30 MM. \u00d8 EXTERIOR: 130 MM. &nbsp;<\/p>\n","protected":false},"featured_media":18651,"template":"","meta":[],"product_cat":[117,396],"product_tag":[],"tipo-de-vehiculo":[],"class_list":{"0":"post-4564","1":"product","2":"type-product","3":"status-publish","4":"has-post-thumbnail","6":"product_cat-117","7":"product_cat-poleas-de-ciguenal","8":"brand_year_model-peugeot","9":"badges-style-2","11":"first","12":"instock","13":"purchasable","14":"product-type-simple"},"_links":{"self":[{"href":"https:\/\/cvrepuestos.com\/shop\/wp-json\/wp\/v2\/product\/4564","targetHints":{"allow":["GET"]}}],"collection":[{"href":"https:\/\/cvrepuestos.com\/shop\/wp-json\/wp\/v2\/product"}],"about":[{"href":"https:\/\/cvrepuestos.com\/shop\/wp-json\/wp\/v2\/types\/product"}],"wp:featuredmedia":[{"embeddable":true,"href":"https:\/\/cvrepuestos.com\/shop\/wp-json\/wp\/v2\/media\/18651"}],"wp:attachment":[{"href":"https:\/\/cvrepuestos.com\/shop\/wp-json\/wp\/v2\/media?parent=4564"}],"wp:term":[{"taxonomy":"product_cat","embeddable":true,"href":"https:\/\/cvrepuestos.com\/shop\/wp-json\/wp\/v2\/product_cat?post=4564"},{"taxonomy":"product_tag","embeddable":true,"href":"https:\/\/cvrepuestos.com\/shop\/wp-json\/wp\/v2\/product_tag?post=4564"},{"taxonomy":"tipo-de-vehiculo","embeddable":true,"href":"https:\/\/cvrepuestos.com\/shop\/wp-json\/wp\/v2\/tipo-de-vehiculo?post=4564"}],"curies":[{"name":"wp","href":"https:\/\/api.w.org\/{rel}","templated":true}]}}