{"id":6566,"date":"2026-04-14T19:48:02","date_gmt":"2026-04-14T22:48:02","guid":{"rendered":"https:\/\/cvrepuestos.com\/shop\/product\/juntas-multiple-r-21\/"},"modified":"2026-04-14T19:48:03","modified_gmt":"2026-04-14T22:48:03","slug":"juntas-multiple-r-21","status":"publish","type":"product","link":"https:\/\/cvrepuestos.com\/shop\/producto\/juntas-multiple-r-21\/","title":{"rendered":"JUNTA DE M\u00daLTIPLE DE ADMISI\u00d3N -CON INYECCI\u00d3N- RENAULT 2.0-2.2 (R18 \/ R21 \/ R25 \/ FUEGO \/ TRAFIC \/ ESPACE), JEEP (WRANGLER) A\u00d1OS DE 1981 A 2001"},"content":{"rendered":"<p><strong>550629<\/strong><\/p>\n<p>JUNTA DE M\u00daLTIPLE DE ADMISI\u00d3N -CON INYECCI\u00d3N- RENAULT 2.0-2.2 (R18 \/ R21 \/ R25 \/ FUEGO \/ TRAFIC \/ ESPACE), JEEP (WRANGLER) A\u00d1OS DE 1981 A 2001<\/p>\n","protected":false},"excerpt":{"rendered":"<p>550629 JUNTA DE M\u00daLTIPLE DE ADMISI\u00d3N -CON INYECCI\u00d3N- RENAULT 2.0-2.2 (R18 \/ R21 \/ R25 \/ FUEGO \/ TRAFIC \/ ESPACE), JEEP (WRANGLER) A\u00d1OS DE 1981 A 2001<\/p>\n","protected":false},"featured_media":49057,"template":"","meta":[],"product_cat":[3149,140,1471,232,153],"product_tag":[669],"tipo-de-vehiculo":[],"class_list":{"0":"post-6566","1":"product","2":"type-product","3":"status-publish","4":"has-post-thumbnail","6":"product_cat-jeep","7":"product_cat-140","8":"product_cat-juntas-de-multiples","9":"product_cat-motor","10":"product_cat-153","11":"product_tag-wrangler","12":"brand_year_model-chrysler","13":"brand_year_model-jeep","14":"brand_year_model-renault","15":"badges-style-2","17":"first","18":"instock","19":"purchasable","20":"product-type-simple"},"_links":{"self":[{"href":"https:\/\/cvrepuestos.com\/shop\/wp-json\/wp\/v2\/product\/6566","targetHints":{"allow":["GET"]}}],"collection":[{"href":"https:\/\/cvrepuestos.com\/shop\/wp-json\/wp\/v2\/product"}],"about":[{"href":"https:\/\/cvrepuestos.com\/shop\/wp-json\/wp\/v2\/types\/product"}],"wp:featuredmedia":[{"embeddable":true,"href":"https:\/\/cvrepuestos.com\/shop\/wp-json\/wp\/v2\/media\/49057"}],"wp:attachment":[{"href":"https:\/\/cvrepuestos.com\/shop\/wp-json\/wp\/v2\/media?parent=6566"}],"wp:term":[{"taxonomy":"product_cat","embeddable":true,"href":"https:\/\/cvrepuestos.com\/shop\/wp-json\/wp\/v2\/product_cat?post=6566"},{"taxonomy":"product_tag","embeddable":true,"href":"https:\/\/cvrepuestos.com\/shop\/wp-json\/wp\/v2\/product_tag?post=6566"},{"taxonomy":"tipo-de-vehiculo","embeddable":true,"href":"https:\/\/cvrepuestos.com\/shop\/wp-json\/wp\/v2\/tipo-de-vehiculo?post=6566"}],"curies":[{"name":"wp","href":"https:\/\/api.w.org\/{rel}","templated":true}]}}