{"id":9669,"date":"2026-04-14T20:49:17","date_gmt":"2026-04-14T23:49:17","guid":{"rendered":"https:\/\/cvrepuestos.com\/shop\/product\/jta-admicion-fiesta-gds\/"},"modified":"2026-04-14T20:49:17","modified_gmt":"2026-04-14T23:49:17","slug":"jta-admicion-fiesta-gds","status":"publish","type":"product","link":"https:\/\/cvrepuestos.com\/shop\/producto\/jta-admicion-fiesta-gds\/","title":{"rendered":"JUNTA DE M\u00daLTIPLE DE ADMISI\u00d3N MOTOR ENDURA FORD GDS (FIESTA 1.3) A\u00d1OS DE 1994 A 1999"},"content":{"rendered":"<p><strong>310817<\/strong><\/p>\n<p>JUNTA DE M\u00daLTIPLE DE ADMISI\u00d3N MOTOR ENDURA FORD GDS (FIESTA 1.3) A\u00d1OS DE 1994 A 1999<\/p>\n","protected":false},"excerpt":{"rendered":"<p>310817 JUNTA DE M\u00daLTIPLE DE ADMISI\u00d3N MOTOR ENDURA FORD GDS (FIESTA 1.3) A\u00d1OS DE 1994 A 1999<\/p>\n","protected":false},"featured_media":48192,"template":"","meta":[],"product_cat":[126,140,1471,232],"product_tag":[],"tipo-de-vehiculo":[],"class_list":{"0":"post-9669","1":"product","2":"type-product","3":"status-publish","4":"has-post-thumbnail","6":"product_cat-126","7":"product_cat-140","8":"product_cat-juntas-de-multiples","9":"product_cat-motor","10":"brand_year_model-ford","11":"badges-style-2","13":"first","14":"instock","15":"purchasable","16":"product-type-simple"},"_links":{"self":[{"href":"https:\/\/cvrepuestos.com\/shop\/wp-json\/wp\/v2\/product\/9669","targetHints":{"allow":["GET"]}}],"collection":[{"href":"https:\/\/cvrepuestos.com\/shop\/wp-json\/wp\/v2\/product"}],"about":[{"href":"https:\/\/cvrepuestos.com\/shop\/wp-json\/wp\/v2\/types\/product"}],"wp:featuredmedia":[{"embeddable":true,"href":"https:\/\/cvrepuestos.com\/shop\/wp-json\/wp\/v2\/media\/48192"}],"wp:attachment":[{"href":"https:\/\/cvrepuestos.com\/shop\/wp-json\/wp\/v2\/media?parent=9669"}],"wp:term":[{"taxonomy":"product_cat","embeddable":true,"href":"https:\/\/cvrepuestos.com\/shop\/wp-json\/wp\/v2\/product_cat?post=9669"},{"taxonomy":"product_tag","embeddable":true,"href":"https:\/\/cvrepuestos.com\/shop\/wp-json\/wp\/v2\/product_tag?post=9669"},{"taxonomy":"tipo-de-vehiculo","embeddable":true,"href":"https:\/\/cvrepuestos.com\/shop\/wp-json\/wp\/v2\/tipo-de-vehiculo?post=9669"}],"curies":[{"name":"wp","href":"https:\/\/api.w.org\/{rel}","templated":true}]}}